{"id":329,"date":"2023-10-06T15:14:57","date_gmt":"2023-10-06T15:14:57","guid":{"rendered":"https:\/\/franconotaro-hair.ch\/contact\/"},"modified":"2023-11-02T12:34:53","modified_gmt":"2023-11-02T12:34:53","slug":"contact","status":"publish","type":"page","link":"https:\/\/franconotaro-hair.ch\/fr\/contact\/","title":{"rendered":"Contact"},"content":{"rendered":"<p>[et_pb_section fb_built=\u00a0\u00bb1&Prime; admin_label=\u00a0\u00bbAbout\u00a0\u00bb _builder_version=\u00a0\u00bb4.22.2&Prime; background_size=\u00a0\u00bbinitial\u00a0\u00bb background_repeat=\u00a0\u00bbrepeat\u00a0\u00bb top_divider_style=\u00a0\u00bbarrow3&Prime; top_divider_color=\u00a0\u00bbrgba(244,242,239,0.64)\u00a0\u00bb top_divider_height=\u00a0\u00bb70%\u00a0\u00bb top_divider_repeat=\u00a0\u00bb4x\u00a0\u00bb top_divider_height_tablet=\u00a0\u00bb200px\u00a0\u00bb top_divider_height_phone=\u00a0\u00bb120px\u00a0\u00bb top_divider_height_last_edited=\u00a0\u00bbon|phone\u00a0\u00bb bottom_divider_color=\u00a0\u00bbrgba(255,255,255,0.7)\u00a0\u00bb bottom_divider_height=\u00a0\u00bb100%\u00a0\u00bb bottom_divider_repeat=\u00a0\u00bb2x\u00a0\u00bb animation_style=\u00a0\u00bbfade\u00a0\u00bb global_colors_info=\u00a0\u00bb{}\u00a0\u00bb][et_pb_row column_structure=\u00a0\u00bb1_2,1_2&Prime; use_custom_gutter=\u00a0\u00bbon\u00a0\u00bb gutter_width=\u00a0\u00bb2&Prime; make_equal=\u00a0\u00bbon\u00a0\u00bb _builder_version=\u00a0\u00bb4.22.2&Prime; custom_css_main_element=\u00a0\u00bbalign-items: center;\u00a0\u00bb global_colors_info=\u00a0\u00bb{}\u00a0\u00bb][et_pb_column type=\u00a0\u00bb1_2&Prime; _builder_version=\u00a0\u00bb4.16&Prime; global_colors_info=\u00a0\u00bb{}\u00a0\u00bb][et_pb_text _builder_version=\u00a0\u00bb4.22.2&Prime; _module_preset=\u00a0\u00bbdefault\u00a0\u00bb custom_margin=\u00a0\u00bb||32px||false|false\u00a0\u00bb global_colors_info=\u00a0\u00bb{}\u00a0\u00bb]<\/p>\n<h3>Heures d&rsquo;ouverture<\/h3>\n<p><strong>ma &#8211; ve<\/strong> 09.00 &#8211; 18.00h<br \/>\n<strong>samedi<\/strong> 08.00 &#8211; 15.00h<\/p>\n<h3>Prise de rendez-vous<\/h3>\n<p>Veuillez t\u00e9l\u00e9phoner uniquement au<br \/>\n<strong>031 312 00 18<\/strong><\/p>\n<h3>Adresse<\/h3>\n<p>Franco Notaro Coiffeur<br \/>\nKramgasse 76<br \/>\n3011 Berne<br \/>\n2\u00e8me \u00e9tage<\/p>\n<p><strong><em>Vous avez une demande ?<\/em><\/strong><br \/>\nEnvoyez-nous un e-mail :<\/p>\n<p><a href=\"mailto:info@franconotaro-hair.ch\">info@franconotaro-hair.ch<\/a>[\/et_pb_text][\/et_pb_column][et_pb_column type=\u00a0\u00bb1_2&Prime; _builder_version=\u00a0\u00bb4.16&Prime; global_colors_info=\u00a0\u00bb{}\u00a0\u00bb][et_pb_code _builder_version=\u00a0\u00bb4.23&Prime; _module_preset=\u00a0\u00bbdefault\u00a0\u00bb hover_enabled=\u00a0\u00bb0&Prime; global_colors_info=\u00a0\u00bb{}\u00a0\u00bb sticky_enabled=\u00a0\u00bb0&Prime;]<iframe src=\"https:\/\/www.google.com\/maps\/embed?pb=!1m14!1m8!1m3!1d10894.760989540458!2d7.4486119!3d46.9481267!3m2!1i1024!2i768!4f13.1!3m3!1m2!1s0x478e39c3fbad5c95%3A0xec0d65a92ecee090!2sCoiffure%20Franco%20Notaro!5e0!3m2!1sen!2sch!4v1696846349036!5m2!1sen!2sch\" width=\"100%\" height=\"450\" style=\"border:0;\" allowfullscreen=\"\" loading=\"lazy\" referrerpolicy=\"no-referrer-when-downgrade\"><\/iframe>[\/et_pb_code][\/et_pb_column][\/et_pb_row][\/et_pb_section]<\/p>\n","protected":false},"excerpt":{"rendered":"<p>Heures d&rsquo;ouverture ma &#8211; ve 09.00 &#8211; 18.00h samedi 08.00 &#8211; 15.00h Prise de rendez-vous Veuillez t\u00e9l\u00e9phoner uniquement au 031 312 00 18 Adresse Franco Notaro Coiffeur Kramgasse 76 3011 Berne 2\u00e8me \u00e9tage Vous avez une demande ? Envoyez-nous un e-mail : info@franconotaro-hair.ch<\/p>\n","protected":false},"author":1,"featured_media":0,"parent":0,"menu_order":0,"comment_status":"closed","ping_status":"closed","template":"","meta":{"_acf_changed":false,"_et_pb_use_builder":"on","_et_pb_old_content":"","_et_gb_content_width":"","inline_featured_image":false,"footnotes":""},"class_list":["post-329","page","type-page","status-publish","hentry"],"acf":[],"_links":{"self":[{"href":"https:\/\/franconotaro-hair.ch\/fr\/wp-json\/wp\/v2\/pages\/329","targetHints":{"allow":["GET"]}}],"collection":[{"href":"https:\/\/franconotaro-hair.ch\/fr\/wp-json\/wp\/v2\/pages"}],"about":[{"href":"https:\/\/franconotaro-hair.ch\/fr\/wp-json\/wp\/v2\/types\/page"}],"author":[{"embeddable":true,"href":"https:\/\/franconotaro-hair.ch\/fr\/wp-json\/wp\/v2\/users\/1"}],"replies":[{"embeddable":true,"href":"https:\/\/franconotaro-hair.ch\/fr\/wp-json\/wp\/v2\/comments?post=329"}],"version-history":[{"count":10,"href":"https:\/\/franconotaro-hair.ch\/fr\/wp-json\/wp\/v2\/pages\/329\/revisions"}],"predecessor-version":[{"id":411,"href":"https:\/\/franconotaro-hair.ch\/fr\/wp-json\/wp\/v2\/pages\/329\/revisions\/411"}],"wp:attachment":[{"href":"https:\/\/franconotaro-hair.ch\/fr\/wp-json\/wp\/v2\/media?parent=329"}],"curies":[{"name":"wp","href":"https:\/\/api.w.org\/{rel}","templated":true}]}}