{"id":291,"date":"2023-10-06T15:14:57","date_gmt":"2023-10-06T15:14:57","guid":{"rendered":"https:\/\/franconotaro-hair.ch\/franco-notaro\/"},"modified":"2024-02-22T07:42:05","modified_gmt":"2024-02-22T07:42:05","slug":"franco-notaro","status":"publish","type":"page","link":"https:\/\/franconotaro-hair.ch\/fr\/franco-notaro\/","title":{"rendered":"Franco Notaro"},"content":{"rendered":"<p>[et_pb_section fb_built=\u00a0\u00bb1&Prime; admin_label=\u00a0\u00bbAbout\u00a0\u00bb _builder_version=\u00a0\u00bb4.22.2&Prime; background_size=\u00a0\u00bbinitial\u00a0\u00bb background_repeat=\u00a0\u00bbrepeat\u00a0\u00bb top_divider_style=\u00a0\u00bbarrow3&Prime; top_divider_color=\u00a0\u00bbrgba(244,242,239,0.64)\u00a0\u00bb top_divider_height=\u00a0\u00bb70%\u00a0\u00bb top_divider_repeat=\u00a0\u00bb4x\u00a0\u00bb top_divider_height_tablet=\u00a0\u00bb200px\u00a0\u00bb top_divider_height_phone=\u00a0\u00bb120px\u00a0\u00bb top_divider_height_last_edited=\u00a0\u00bbon|phone\u00a0\u00bb bottom_divider_color=\u00a0\u00bbrgba(255,255,255,0.7)\u00a0\u00bb bottom_divider_height=\u00a0\u00bb100%\u00a0\u00bb bottom_divider_repeat=\u00a0\u00bb2x\u00a0\u00bb animation_style=\u00a0\u00bbfade\u00a0\u00bb global_colors_info=\u00a0\u00bb{}\u00a0\u00bb][et_pb_row column_structure=\u00a0\u00bb1_2,1_2&Prime; admin_label=\u00a0\u00bbRow\u00a0\u00bb _builder_version=\u00a0\u00bb4.16&Prime; global_colors_info=\u00a0\u00bb{}\u00a0\u00bb][et_pb_column type=\u00a0\u00bb1_2&Prime; _builder_version=\u00a0\u00bb4.16&Prime; custom_padding=\u00a0\u00bb|||\u00a0\u00bb global_colors_info=\u00a0\u00bb{}\u00a0\u00bb custom_padding__hover=\u00a0\u00bb|||\u00a0\u00bb][et_pb_text _builder_version=\u00a0\u00bb4.22.2&Prime; global_colors_info=\u00a0\u00bb{}\u00a0\u00bb]<\/p>\n<p>En tant que styliste capillaire, Franco Notaro accumule depuis plus de trente ans de l&rsquo;exp\u00e9rience dans son m\u00e9tier. Sa cr\u00e9ativit\u00e9 et son sens du stylisme parfait lui valent beaucoup de succ\u00e8s et de popularit\u00e9 aupr\u00e8s de sa client\u00e8le, qui doit se sentir satisfaite et \u00e0 l&rsquo;aise.<\/p>\n<p>[\/et_pb_text][\/et_pb_column][et_pb_column type=\u00a0\u00bb1_2&Prime; _builder_version=\u00a0\u00bb4.16&Prime; custom_padding=\u00a0\u00bb|||\u00a0\u00bb global_colors_info=\u00a0\u00bb{}\u00a0\u00bb custom_padding__hover=\u00a0\u00bb|||\u00a0\u00bb][et_pb_text _builder_version=\u00a0\u00bb4.22.2&Prime; global_colors_info=\u00a0\u00bb{}\u00a0\u00bb]<\/p>\n<p>En 1985, Franco Notaro a fond\u00e9 sa boutique avec l&rsquo;objectif de toujours suivre les derni\u00e8res tendances et de soutenir ses clients dans leur singularit\u00e9 et leur style de vie ou de leur offrir une nouvelle exp\u00e9rience de coiffure gr\u00e2ce \u00e0 des conseils cibl\u00e9s et \u00e0 un excellent savoir-faire professionnel.<\/p>\n<p>[\/et_pb_text][\/et_pb_column][\/et_pb_row][et_pb_row column_structure=\u00a0\u00bb1_3,2_3&Prime; make_equal=\u00a0\u00bbon\u00a0\u00bb custom_padding_last_edited=\u00a0\u00bbon|tablet\u00a0\u00bb admin_label=\u00a0\u00bbRow\u00a0\u00bb _builder_version=\u00a0\u00bb4.23&Prime; custom_padding_tablet=\u00a0\u00bb0px||||false|false\u00a0\u00bb custom_padding_phone=\u00a0\u00bb0px||||false|false\u00a0\u00bb global_colors_info=\u00a0\u00bb{}\u00a0\u00bb][et_pb_column type=\u00a0\u00bb1_3&Prime; _builder_version=\u00a0\u00bb4.16&Prime; custom_padding=\u00a0\u00bb|||\u00a0\u00bb global_colors_info=\u00a0\u00bb{}\u00a0\u00bb custom_padding__hover=\u00a0\u00bb|||\u00a0\u00bb][et_pb_image src=\u00a0\u00bbhttps:\/\/franconotaro-hair.ch\/wp-content\/uploads\/2023\/11\/franco-scaled.jpg\u00a0\u00bb title_text=\u00a0\u00bbfranco\u00a0\u00bb show_bottom_space=\u00a0\u00bboff\u00a0\u00bb force_fullwidth=\u00a0\u00bbon\u00a0\u00bb align_tablet=\u00a0\u00bbcenter\u00a0\u00bb align_phone=\u00a0\u00bb\u00a0\u00bb align_last_edited=\u00a0\u00bbon|desktop\u00a0\u00bb _builder_version=\u00a0\u00bb4.23.1&Prime; custom_margin=\u00a0\u00bb16px||||false|false\u00a0\u00bb hover_enabled=\u00a0\u00bb0&Prime; global_colors_info=\u00a0\u00bb{}\u00a0\u00bb sticky_enabled=\u00a0\u00bb0&Prime;][\/et_pb_image][\/et_pb_column][et_pb_column type=\u00a0\u00bb2_3&Prime; _builder_version=\u00a0\u00bb4.16&Prime; custom_padding=\u00a0\u00bb|||\u00a0\u00bb global_colors_info=\u00a0\u00bb{}\u00a0\u00bb custom_padding__hover=\u00a0\u00bb|||\u00a0\u00bb][et_pb_text ul_position_tablet=\u00a0\u00bbinside\u00a0\u00bb ul_position_phone=\u00a0\u00bbinside\u00a0\u00bb ul_position_last_edited=\u00a0\u00bbon|tablet\u00a0\u00bb _builder_version=\u00a0\u00bb4.23&Prime; custom_margin=\u00a0\u00bb||16px||false|false\u00a0\u00bb locked=\u00a0\u00bboff\u00a0\u00bb global_colors_info=\u00a0\u00bb{}\u00a0\u00bb]<\/p>\n<h3>Prestations<\/h3>\n<p>Franco Notaro Hairstylist r\u00e9pond \u00e0 tous les souhaits pour \u00ab\u00a0elle\u00a0\u00bb et \u00ab\u00a0lui\u00a0\u00bb. De la simple coupe de cheveux \u00e0 la coiffure de f\u00eate originale, en passant par des variantes de couleurs intenses, tout est r\u00e9alisable, et presque tous les r\u00eaves individuels de coiffure sont exauc\u00e9s :<\/p>\n<p>[\/et_pb_text][et_pb_text ul_position=\u00a0\u00bbinside\u00a0\u00bb ul_position_tablet=\u00a0\u00bbinside\u00a0\u00bb ul_position_last_edited=\u00a0\u00bboff|desktop\u00a0\u00bb _builder_version=\u00a0\u00bb4.23&Prime; locked=\u00a0\u00bboff\u00a0\u00bb global_colors_info=\u00a0\u00bb{}\u00a0\u00bb]<\/p>\n<ul>\n<li>Coiffure pour femmes et hommes<\/li>\n<li>Conseil adapt\u00e9 au type<\/li>\n<li>Coiffures de mariage, de soir\u00e9e et \u00e9pingl\u00e9es<\/li>\n<li>Coupes de cheveux pour enfants<\/li>\n<li>Colorations<\/li>\n<li>Transformation<\/li>\n<li>Shampooing et soins<\/li>\n<li>Styling<\/li>\n<li>Hair-Design pour les spectacles et les \u00e9v\u00e9nements<\/li>\n<li>Maquillage<\/li>\n<\/ul>\n<p>[\/et_pb_text][\/et_pb_column][\/et_pb_row][et_pb_row column_structure=\u00a0\u00bb1_2,1_2&Prime; custom_padding_last_edited=\u00a0\u00bbon|tablet\u00a0\u00bb _builder_version=\u00a0\u00bb4.23&Prime; custom_padding=\u00a0\u00bb||||false|false\u00a0\u00bb custom_padding_tablet=\u00a0\u00bb0px||||false|false\u00a0\u00bb custom_padding_phone=\u00a0\u00bb0px||||false|false\u00a0\u00bb global_colors_info=\u00a0\u00bb{}\u00a0\u00bb][et_pb_column type=\u00a0\u00bb1_2&Prime; _builder_version=\u00a0\u00bb4.16&Prime; global_colors_info=\u00a0\u00bb{}\u00a0\u00bb][et_pb_text _builder_version=\u00a0\u00bb4.22.2&Prime; locked=\u00a0\u00bboff\u00a0\u00bb global_colors_info=\u00a0\u00bb{}\u00a0\u00bb]<\/p>\n<p>Gr\u00e2ce \u00e0 son ouverture d&rsquo;esprit, vous serez parfaitement servis en allemand, fran\u00e7ais, italien, espagnol et anglais.<\/p>\n<p>Toute l&rsquo;\u00e9quipe suit attentivement vos souhaits et est pr\u00eate \u00e0 vous aider \u00e0 mettre en valeur votre style ou \u00e0 le modifier en fonction des tendances.<\/p>\n<p>[\/et_pb_text][\/et_pb_column][et_pb_column type=\u00a0\u00bb1_2&Prime; _builder_version=\u00a0\u00bb4.16&Prime; global_colors_info=\u00a0\u00bb{}\u00a0\u00bb][et_pb_text _builder_version=\u00a0\u00bb4.22.2&Prime; locked=\u00a0\u00bboff\u00a0\u00bb global_colors_info=\u00a0\u00bb{}\u00a0\u00bb]<\/p>\n<p>Laissez-vous inspirer ! Nous avons le temps.<br \/>Franco Notaro et son \u00e9quipe se r\u00e9jouissent de vous accueillir.<\/p>\n<p>[\/et_pb_text][et_pb_button button_url=\u00a0\u00bb#date\u00a0\u00bb button_text=\u00a0\u00bbPrendre rendez-vous\u00a0\u00bb _builder_version=\u00a0\u00bb4.22.2&Prime; _module_preset=\u00a0\u00bbdefault\u00a0\u00bb custom_button=\u00a0\u00bbon\u00a0\u00bb button_text_size=\u00a0\u00bb14px\u00a0\u00bb button_text_color=\u00a0\u00bb#FFFFFF\u00a0\u00bb button_bg_color=\u00a0\u00bb#CC2318&Prime; button_letter_spacing=\u00a0\u00bb1px\u00a0\u00bb button_font=\u00a0\u00bb|600||on|||||\u00a0\u00bb button_use_icon=\u00a0\u00bboff\u00a0\u00bb custom_padding=\u00a0\u00bb8px|32px|8px|32px|true|true\u00a0\u00bb global_colors_info=\u00a0\u00bb{}\u00a0\u00bb][\/et_pb_button][\/et_pb_column][\/et_pb_row][\/et_pb_section]<\/p>\n","protected":false},"excerpt":{"rendered":"<p>En tant que styliste capillaire, Franco Notaro accumule depuis plus de trente ans de l&rsquo;exp\u00e9rience dans son m\u00e9tier. Sa cr\u00e9ativit\u00e9 et son sens du stylisme parfait lui valent beaucoup de succ\u00e8s et de popularit\u00e9 aupr\u00e8s de sa client\u00e8le, qui doit se sentir satisfaite et \u00e0 l&rsquo;aise.En 1985, Franco Notaro a fond\u00e9 sa boutique avec l&rsquo;objectif [&hellip;]<\/p>\n","protected":false},"author":1,"featured_media":0,"parent":0,"menu_order":0,"comment_status":"closed","ping_status":"closed","template":"","meta":{"_acf_changed":false,"_et_pb_use_builder":"on","_et_pb_old_content":"","_et_gb_content_width":"","inline_featured_image":false,"footnotes":""},"class_list":["post-291","page","type-page","status-publish","hentry"],"acf":[],"_links":{"self":[{"href":"https:\/\/franconotaro-hair.ch\/fr\/wp-json\/wp\/v2\/pages\/291","targetHints":{"allow":["GET"]}}],"collection":[{"href":"https:\/\/franconotaro-hair.ch\/fr\/wp-json\/wp\/v2\/pages"}],"about":[{"href":"https:\/\/franconotaro-hair.ch\/fr\/wp-json\/wp\/v2\/types\/page"}],"author":[{"embeddable":true,"href":"https:\/\/franconotaro-hair.ch\/fr\/wp-json\/wp\/v2\/users\/1"}],"replies":[{"embeddable":true,"href":"https:\/\/franconotaro-hair.ch\/fr\/wp-json\/wp\/v2\/comments?post=291"}],"version-history":[{"count":25,"href":"https:\/\/franconotaro-hair.ch\/fr\/wp-json\/wp\/v2\/pages\/291\/revisions"}],"predecessor-version":[{"id":493,"href":"https:\/\/franconotaro-hair.ch\/fr\/wp-json\/wp\/v2\/pages\/291\/revisions\/493"}],"wp:attachment":[{"href":"https:\/\/franconotaro-hair.ch\/fr\/wp-json\/wp\/v2\/media?parent=291"}],"curies":[{"name":"wp","href":"https:\/\/api.w.org\/{rel}","templated":true}]}}